{"id":12252,"date":"2023-10-02T17:19:55","date_gmt":"2023-10-02T21:19:55","guid":{"rendered":"https:\/\/www.gurp.ca\/?post_type=product&#038;p=12252"},"modified":"2025-12-20T20:03:31","modified_gmt":"2025-12-21T00:03:31","slug":"pocket-pal-bifold","status":"publish","type":"product","link":"https:\/\/www.gurp.ca\/fr\/produit\/pocket-pal-bifold\/","title":{"rendered":"Pocket Pal Bifold"},"content":{"rendered":"<p data-start=\"357\" data-end=\"724\"><strong>Compact, fiable et pr\u00eat pour un usage quotidien.<\/strong> mpact, fiable et pr\u00eat pour un usage quotidien. Le portefeuille Pocket Pal Bifold garde tes cartes, billets et re\u00e7us bien organis\u00e9s dans un format mince et durable. Fabriqu\u00e9 en tissu Cordura robuste, il offre un bon \u00e9quilibre entre solidit\u00e9, texture et souplesse pour tous les jours. Ce design \u00e9prouv\u00e9 est utilis\u00e9 depuis des ann\u00e9es, tu peux donc lui faire confiance jour apr\u00e8s jour.<\/p>\n<p data-start=\"450\" data-end=\"553\"><strong data-start=\"450\" data-end=\"466\">Parfait pour :<\/strong> toute personne qui souhaite un portefeuille simple et fiable, qui se glisse facilement dans une poche ou un sac.<\/p>","protected":false},"excerpt":{"rendered":"<p data-start=\"143\" data-end=\"157\"><strong data-start=\"143\" data-end=\"155\">Caract\u00e9ristiques<\/strong><\/p>\n<ul>\n<li><strong data-start=\"554\" data-end=\"572\">Coque durable:<\/strong> nylon Cordura offrant une excellente r\u00e9sistance \u00e0 l\u2019abrasion et une longue dur\u00e9e de vie\nRangements pour cartes : 6 emplacements d\u00e9di\u00e9s pour cartes<\/li>\n<li><strong data-start=\"643\" data-end=\"660\">Poches suppl\u00e9mentaires :<\/strong> 6 emplacements d\u00e9di\u00e9s pour cartes<\/li>\n<li><strong data-start=\"686\" data-end=\"704\">Poches suppl\u00e9mentaires :<\/strong> 2 poches cach\u00e9es pouvant contenir des cartes suppl\u00e9mentaires ou de petits objets<\/li>\n<li><strong data-start=\"770\" data-end=\"788\">Compartiment pour billets :<\/strong> poche bifold pleine largeur pour argent, re\u00e7us ou notes<\/li>\n<li><strong data-start=\"845\" data-end=\"862\">Profil mince :<\/strong> se plie \u00e0 plat pour un ajustement propre et minimal dans n\u2019importe quelle poche<\/li>\n<li><strong data-start=\"915\" data-end=\"931\" data-is-only-node=\"\">L\u00e9ger :<\/strong> 35\u201350 g<\/li>\n<li><strong data-start=\"942\" data-end=\"960\">Sans compartiment \u00e0 monnaie<\/strong><\/li>\n<li><strong data-start=\"999\" data-end=\"1017\">Fabriqu\u00e9 au Canada<\/strong><\/li>\n<\/ul>","protected":false},"featured_media":18403,"comment_status":"closed","ping_status":"closed","template":"","meta":[],"product_brand":[],"product_cat":[66],"product_tag":[],"class_list":{"0":"post-12252","1":"product","2":"type-product","3":"status-publish","4":"has-post-thumbnail","6":"product_cat-small-stuff","7":"product_shipping_class-letter-mail-shipping-class","9":"first","10":"instock","11":"sold-individually","12":"shipping-taxable","13":"purchasable","14":"product-type-variable","15":"has-default-attributes"},"_links":{"self":[{"href":"https:\/\/www.gurp.ca\/fr\/wp-json\/wp\/v2\/product\/12252","targetHints":{"allow":["GET"]}}],"collection":[{"href":"https:\/\/www.gurp.ca\/fr\/wp-json\/wp\/v2\/product"}],"about":[{"href":"https:\/\/www.gurp.ca\/fr\/wp-json\/wp\/v2\/types\/product"}],"replies":[{"embeddable":true,"href":"https:\/\/www.gurp.ca\/fr\/wp-json\/wp\/v2\/comments?post=12252"}],"wp:featuredmedia":[{"embeddable":true,"href":"https:\/\/www.gurp.ca\/fr\/wp-json\/wp\/v2\/media\/18403"}],"wp:attachment":[{"href":"https:\/\/www.gurp.ca\/fr\/wp-json\/wp\/v2\/media?parent=12252"}],"wp:term":[{"taxonomy":"product_brand","embeddable":true,"href":"https:\/\/www.gurp.ca\/fr\/wp-json\/wp\/v2\/product_brand?post=12252"},{"taxonomy":"product_cat","embeddable":true,"href":"https:\/\/www.gurp.ca\/fr\/wp-json\/wp\/v2\/product_cat?post=12252"},{"taxonomy":"product_tag","embeddable":true,"href":"https:\/\/www.gurp.ca\/fr\/wp-json\/wp\/v2\/product_tag?post=12252"}],"curies":[{"name":"wp","href":"https:\/\/api.w.org\/{rel}","templated":true}]}}