{"id":12736,"date":"2023-11-14T21:11:53","date_gmt":"2023-11-15T01:11:53","guid":{"rendered":"https:\/\/www.gurp.ca\/?post_type=product&#038;p=12736"},"modified":"2026-04-06T20:57:50","modified_gmt":"2026-04-07T00:57:50","slug":"custom-frame-bag","status":"publish","type":"product","link":"https:\/\/www.gurp.ca\/fr\/produit\/custom-frame-bag\/","title":{"rendered":"Sacoche de cadre sur mesure"},"content":{"rendered":"<p data-start=\"206\" data-end=\"497\"><strong>Ajustement pr\u00e9cis, con\u00e7u pour ton v\u00e9lo.<\/strong> Each Custom Frame Bag is designed for your specific frame, maximizing usable space while staying stable and quiet on every ride. Digitally patterned and sewn to order, it integrates cleanly with your bike rather than feeling added on.<\/p>\n<p data-start=\"499\" data-end=\"612\"><strong>Best for:<\/strong> riders who want the most efficient use of frame space for long rides, bikepacking, or daily use.<\/p>","protected":false},"excerpt":{"rendered":"<p><strong>Caract\u00e9ristiques<\/strong><\/p>\n<ul>\n<li><strong>Ajustement sur mesure :<\/strong> Con\u00e7u \u00e0 partir d\u2019une photo de ton v\u00e9lo ou d\u2019un existant <a href=\"https:\/\/www.gurp.ca\/fr\/custom-frame-bag-template-guide\/\">gabarit<\/a><\/li>\n<li><strong>Coque durable:<\/strong> Mat\u00e9riaux techniques r\u00e9sistants \u00e0 l\u2019eau avec renforts aux points de tension<\/li>\n<li><strong>Acc\u00e8s s\u00e9curis\u00e9 :<\/strong> Waterproof molded-tooth zippers for smooth operation and long-term durability<\/li>\n<li><strong>Structure stable :<\/strong> Panneaux rembourr\u00e9s pour prot\u00e9ger le cadre et r\u00e9duire les bruits<\/li>\n<li><strong>Int\u00e9rieur clair :<\/strong> Doublure p\u00e2le pour mieux voir le contenu et faciliter le nettoyage<\/li>\n<li><strong>Passage de c\u00e2ble :<\/strong> Ouverture int\u00e9gr\u00e9e pour tuyau d\u2019hydratation ou c\u00e2ble de recharge<\/li>\n<li><strong>D\u00e9tails silencieux :<\/strong> Fancy zipper pulls for a refined, low-noise ride<\/li>\n<li><strong>Corner zipper garage:<\/strong> Fabric-covered ends protect the zipper and improve water resistance<\/li>\n<li><strong>Finition soign\u00e9e :<\/strong> Coutures pr\u00e9cises avec fil assorti<\/li>\n<li><strong>Zippered side pocket:<\/strong> Additional external storage for small essentials<\/li>\n<li><strong>Drive-side flat pockets:<\/strong> Low-profile organization for tools or documents<\/li>\n<li><strong>Hanging loops:<\/strong> Interior attachment points for securing items like pump\/tent poles inside the bag<\/li>\n<li><strong>Standard width:<\/strong> 2.375&#8243; profile balances capacity and pedaling clearance<\/li>\n<li><strong>Fabriqu\u00e9 au Canada<\/strong><\/li>\n<\/ul>\n<p data-start=\"1012\" data-end=\"1032\"><strong data-start=\"1012\" data-end=\"1030\"><br \/>\nOrdering<\/strong><\/p>\n<p data-start=\"1012\" data-end=\"1032\">Custom Frame Bags are offered in limited quantities and are available by access code only.<\/p>\n<ul>\n<li data-start=\"1012\" data-end=\"1032\">See the <strong><a href=\"https:\/\/www.gurp.ca\/fr\/lead-times\/\">D\u00e9lais<\/a><\/strong> page for current production timelines<\/li>\n<li data-start=\"1012\" data-end=\"1032\">Visit <a href=\"https:\/\/www.gurp.ca\/fr\/fabrics\/\"><strong data-start=\"1503\" data-end=\"1513\">Tissus<\/strong><\/a> et <b><a href=\"https:\/\/www.gurp.ca\/fr\/features\/\">Caract\u00e9ristiques<\/a> <\/b>pages for available materials and options<\/li>\n<li data-start=\"1012\" data-end=\"1032\">Follow the <strong><a href=\"https:\/\/www.gurp.ca\/fr\/custom-frame-bag-template-guide\/\">Mod\u00e8le<\/a> <\/strong>guide for instructions on creating your frame template<\/li>\n<\/ul>","protected":false},"featured_media":16938,"comment_status":"open","ping_status":"closed","template":"","meta":[],"product_brand":[],"product_cat":[68],"product_tag":[63,67],"class_list":{"0":"post-12736","1":"product","2":"type-product","3":"status-publish","4":"has-post-thumbnail","6":"product_cat-custom","7":"product_tag-custom-frame-bag","8":"product_tag-review","9":"product_shipping_class-frame-bag-shipping-class","11":"first","12":"onbackorder","13":"shipping-taxable","14":"purchasable","15":"product-type-simple"},"_links":{"self":[{"href":"https:\/\/www.gurp.ca\/fr\/wp-json\/wp\/v2\/product\/12736","targetHints":{"allow":["GET"]}}],"collection":[{"href":"https:\/\/www.gurp.ca\/fr\/wp-json\/wp\/v2\/product"}],"about":[{"href":"https:\/\/www.gurp.ca\/fr\/wp-json\/wp\/v2\/types\/product"}],"replies":[{"embeddable":true,"href":"https:\/\/www.gurp.ca\/fr\/wp-json\/wp\/v2\/comments?post=12736"}],"wp:featuredmedia":[{"embeddable":true,"href":"https:\/\/www.gurp.ca\/fr\/wp-json\/wp\/v2\/media\/16938"}],"wp:attachment":[{"href":"https:\/\/www.gurp.ca\/fr\/wp-json\/wp\/v2\/media?parent=12736"}],"wp:term":[{"taxonomy":"product_brand","embeddable":true,"href":"https:\/\/www.gurp.ca\/fr\/wp-json\/wp\/v2\/product_brand?post=12736"},{"taxonomy":"product_cat","embeddable":true,"href":"https:\/\/www.gurp.ca\/fr\/wp-json\/wp\/v2\/product_cat?post=12736"},{"taxonomy":"product_tag","embeddable":true,"href":"https:\/\/www.gurp.ca\/fr\/wp-json\/wp\/v2\/product_tag?post=12736"}],"curies":[{"name":"wp","href":"https:\/\/api.w.org\/{rel}","templated":true}]}}