{"id":14227,"date":"2024-03-06T16:52:59","date_gmt":"2024-03-06T21:52:59","guid":{"rendered":"https:\/\/www.gurp.ca\/?post_type=product&#038;p=14227"},"modified":"2026-03-18T06:09:37","modified_gmt":"2026-03-18T10:09:37","slug":"friendly-flaps","status":"publish","type":"product","link":"https:\/\/www.gurp.ca\/fr\/produit\/friendly-flaps\/","title":{"rendered":"Flaps Friendly"},"content":{"rendered":"<p data-start=\"287\" data-end=\"529\"><strong>Simples, efficaces et con\u00e7us pour durer.<\/strong> Les Friendly Flaps prolongent la couverture de tes garde-boue tout en am\u00e9liorant la visibilit\u00e9 dans des conditions mouill\u00e9es et sales. Con\u00e7us pour rester bien d\u00e9gag\u00e9s du pneu, ils r\u00e9duisent les \u00e9claboussures sur toi et sur les cyclistes derri\u00e8re toi.<\/p>\n<p data-start=\"531\" data-end=\"670\">Maintenant mis \u00e0 jour avec une quincaillerie sur mesure incluse et une construction am\u00e9lior\u00e9e, les Friendly Flaps sont plus l\u00e9gers, plus propres et plus faciles \u00e0 installer que jamais.<\/p>\n<p data-start=\"672\" data-end=\"773\"><strong>Parfait pour :<\/strong> les cyclistes urbains, les randonneurs, les bikepackers et toute personne qui roule \u00e0 l\u2019ann\u00e9e, peu importe les conditions.<\/p>","protected":false},"excerpt":{"rendered":"<p data-start=\"794\" data-end=\"952\"><strong>Caract\u00e9ristiques<\/strong><\/p>\n<ul>\n<li data-start=\"794\" data-end=\"952\"><strong>Construction double couche :<\/strong> Vinyle robuste \u00e0 double \u00e9paisseur pour la structure, la durabilit\u00e9 et le bon poids. Aucun renfort interne requis.<\/li>\n<li data-start=\"794\" data-end=\"952\"><strong>Haute visibilit\u00e9 :<\/strong> Bandes r\u00e9fl\u00e9chissantes 3M int\u00e9gr\u00e9es pour une meilleure visibilit\u00e9 par faible luminosit\u00e9 et mauvais temps.<\/li>\n<li data-start=\"794\" data-end=\"952\"><strong>Quincaillerie incluse :<\/strong> Chaque ensemble comprend des boulons hexagonaux M5 \u00e0 collerette, command\u00e9s sur mesure, avec des \u00e9crous \u00e0 profil mince pour une installation propre et solide.<\/li>\n<li data-start=\"794\" data-end=\"952\"><strong>Tenue stable :<\/strong> Con\u00e7us pour rester \u00e0 distance du pneu pour une performance constante, sans battement ni frottement.<\/li>\n<li data-start=\"794\" data-end=\"952\"><strong>Installation facile :<\/strong> Installation avec deux trous perc\u00e9s dans le garde-boue. Simple, s\u00e9curitaire et r\u00e9parable. <a href=\"https:\/\/www.gurp.ca\/wp-content\/uploads\/2024\/11\/friendly_flaps_installation_guidev3.pdf\">Guide d\u2019installation.<\/a><\/li>\n<li data-start=\"794\" data-end=\"952\"><strong>Fabriqu\u00e9 au Canada<\/strong><\/li>\n<\/ul>\n<p>&nbsp;<\/p>\n<p><strong>Sp\u00e9cifications<\/strong><\/p>\n<ul>\n<li>Dimensions : Volet court : 16,5 cm de haut \u00d7 6,5 cm de large. Volet long : 24 cm de haut \u00d7 6,5 cm de large<\/li>\n<li>Espacement des trous : 38 mm<\/li>\n<li>Poids : Environ 30 g (court) \/ environ 42 g (long)<\/li>\n<\/ul>\n<p data-start=\"444\" data-end=\"514\">","protected":false},"featured_media":12868,"comment_status":"closed","ping_status":"closed","template":"","meta":[],"product_brand":[],"product_cat":[66],"product_tag":[67],"class_list":{"0":"post-14227","1":"product","2":"type-product","3":"status-publish","4":"has-post-thumbnail","6":"product_cat-small-stuff","7":"product_tag-review","8":"product_shipping_class-small-items-shipping-class","10":"first","11":"instock","12":"shipping-taxable","13":"purchasable","14":"product-type-variable","15":"has-default-attributes"},"_links":{"self":[{"href":"https:\/\/www.gurp.ca\/fr\/wp-json\/wp\/v2\/product\/14227","targetHints":{"allow":["GET"]}}],"collection":[{"href":"https:\/\/www.gurp.ca\/fr\/wp-json\/wp\/v2\/product"}],"about":[{"href":"https:\/\/www.gurp.ca\/fr\/wp-json\/wp\/v2\/types\/product"}],"replies":[{"embeddable":true,"href":"https:\/\/www.gurp.ca\/fr\/wp-json\/wp\/v2\/comments?post=14227"}],"wp:featuredmedia":[{"embeddable":true,"href":"https:\/\/www.gurp.ca\/fr\/wp-json\/wp\/v2\/media\/12868"}],"wp:attachment":[{"href":"https:\/\/www.gurp.ca\/fr\/wp-json\/wp\/v2\/media?parent=14227"}],"wp:term":[{"taxonomy":"product_brand","embeddable":true,"href":"https:\/\/www.gurp.ca\/fr\/wp-json\/wp\/v2\/product_brand?post=14227"},{"taxonomy":"product_cat","embeddable":true,"href":"https:\/\/www.gurp.ca\/fr\/wp-json\/wp\/v2\/product_cat?post=14227"},{"taxonomy":"product_tag","embeddable":true,"href":"https:\/\/www.gurp.ca\/fr\/wp-json\/wp\/v2\/product_tag?post=14227"}],"curies":[{"name":"wp","href":"https:\/\/api.w.org\/{rel}","templated":true}]}}