{"id":17029,"date":"2025-05-03T11:45:58","date_gmt":"2025-05-03T16:45:58","guid":{"rendered":"https:\/\/www.gurp.ca\/?post_type=product&#038;p=17029"},"modified":"2026-04-05T12:10:52","modified_gmt":"2026-04-05T16:10:52","slug":"xl-top-tube-bag-2025","status":"publish","type":"product","link":"https:\/\/www.gurp.ca\/fr\/produit\/xl-top-tube-bag-2025\/","title":{"rendered":"XL Top Tube Bag (2025 Model)"},"content":{"rendered":"<p data-start=\"1051\" data-end=\"1293\"><strong data-start=\"1051\" data-end=\"1105\">Capacit\u00e9 accrue pour les sorties plus longues et les charges plus importantes.<\/strong> Le sac de tube sup\u00e9rieur XL transporte collations, outils et tous tes essentiels de tube sup\u00e9rieur, tout en gardant un profil effil\u00e9 qui ne g\u00eane pas les genoux. Durable, bien pens\u00e9 et pr\u00eat pour toutes les aventures.<\/p>\n<p data-start=\"1295\" data-end=\"1396\"><strong data-start=\"1295\" data-end=\"1311\">Parfait pour :<\/strong> les cyclistes qui veulent maximiser le rangement pour les longues sorties, les voyages de plusieurs jours ou les v\u00e9los bien charg\u00e9s.<\/p>","protected":false},"excerpt":{"rendered":"<p data-start=\"163\" data-end=\"177\"><strong data-start=\"163\" data-end=\"175\">Caract\u00e9ristiques<\/strong><\/p>\n<ul>\n<li><strong data-start=\"181\" data-end=\"194\">Fixation :<\/strong> Plusieurs sangles Velcro OneWrap pour une tenue s\u00e9curis\u00e9e<\/li>\n<li><strong data-start=\"247\" data-end=\"263\">Sangle avant :<\/strong> Cordon \u00e9lastique pour plus de stabilit\u00e9<\/li>\n<li><strong data-start=\"306\" data-end=\"324\">Ajustement polyvalent :<\/strong> Compatible avec fixation par boulons ou par sangles (boulons et rondelles \u00e0 profil bas inclus) ; languette rembourr\u00e9e qui couvre les trous pour protection<\/li>\n<li><strong data-start=\"450\" data-end=\"464\" data-is-only-node=\"\">Structure :<\/strong> C\u00f4t\u00e9s et fond rigidifi\u00e9s en HDPE pour garder la forme<\/li>\n<li><strong data-start=\"516\" data-end=\"536\">Protection des boulons :<\/strong> Boulons recouverts de mousse pour plus de s\u00e9curit\u00e9<\/li>\n<li><strong data-start=\"577\" data-end=\"589\">Rembourrage :<\/strong> Panneaux avant et inf\u00e9rieur rembourr\u00e9s pour la protection<\/li>\n<li><strong data-start=\"644\" data-end=\"659\">Passe-c\u00e2ble :<\/strong> Sortie \u00e0 l\u2019avant de la fermeture \u00e9clair pour c\u00e2bles ou appareils \u00e9lectroniques<\/li>\n<li><strong data-start=\"724\" data-end=\"737\">Int\u00e9rieur :<\/strong> Enti\u00e8rement doubl\u00e9 avec un grand compartiment ; les appareils peuvent passer par la sortie avant de la fermeture \u00e9clair (pas de s\u00e9paration int\u00e9rieure, plus simple)<\/li>\n<li><strong data-start=\"874\" data-end=\"885\">Fermeture \u00e9clair :<\/strong> Fermeture \u00e9clair YKK AquaGuard pour r\u00e9sistance aux intemp\u00e9ries<\/li>\n<li><strong data-start=\"939\" data-end=\"957\">Fabriqu\u00e9 au Canada<\/strong><\/li>\n<li style=\"list-style-type: none;\"><\/li>\n<\/ul>\n<p>&nbsp;<\/p>\n<p data-start=\"964\" data-end=\"975\"><strong data-start=\"964\" data-end=\"973\">Sp\u00e9cifications<\/strong><\/p>\n<ul>\n<li>Dimensions : 30 \u00d7 10 \u00d7 5\u20138 cm (\u00e9vas\u00e9)<\/li>\n<li>Volume : Environ 1,5 \u00e0 2 L<\/li>\n<li>Poids : ~150 g<\/li>\n<\/ul>","protected":false},"featured_media":17774,"comment_status":"open","ping_status":"closed","template":"","meta":[],"product_brand":[],"product_cat":[64],"product_tag":[67],"class_list":{"0":"post-17029","1":"product","2":"type-product","3":"status-publish","4":"has-post-thumbnail","6":"product_cat-on-the-bike","7":"product_tag-review","9":"first","10":"instock","11":"sale","12":"shipping-taxable","13":"purchasable","14":"product-type-variable","15":"has-default-attributes"},"_links":{"self":[{"href":"https:\/\/www.gurp.ca\/fr\/wp-json\/wp\/v2\/product\/17029","targetHints":{"allow":["GET"]}}],"collection":[{"href":"https:\/\/www.gurp.ca\/fr\/wp-json\/wp\/v2\/product"}],"about":[{"href":"https:\/\/www.gurp.ca\/fr\/wp-json\/wp\/v2\/types\/product"}],"replies":[{"embeddable":true,"href":"https:\/\/www.gurp.ca\/fr\/wp-json\/wp\/v2\/comments?post=17029"}],"wp:featuredmedia":[{"embeddable":true,"href":"https:\/\/www.gurp.ca\/fr\/wp-json\/wp\/v2\/media\/17774"}],"wp:attachment":[{"href":"https:\/\/www.gurp.ca\/fr\/wp-json\/wp\/v2\/media?parent=17029"}],"wp:term":[{"taxonomy":"product_brand","embeddable":true,"href":"https:\/\/www.gurp.ca\/fr\/wp-json\/wp\/v2\/product_brand?post=17029"},{"taxonomy":"product_cat","embeddable":true,"href":"https:\/\/www.gurp.ca\/fr\/wp-json\/wp\/v2\/product_cat?post=17029"},{"taxonomy":"product_tag","embeddable":true,"href":"https:\/\/www.gurp.ca\/fr\/wp-json\/wp\/v2\/product_tag?post=17029"}],"curies":[{"name":"wp","href":"https:\/\/api.w.org\/{rel}","templated":true}]}}