{"id":18292,"date":"2025-10-27T20:59:10","date_gmt":"2025-10-28T00:59:10","guid":{"rendered":"https:\/\/www.gurp.ca\/?post_type=product&#038;p=18292"},"modified":"2026-03-18T06:08:51","modified_gmt":"2026-03-18T10:08:51","slug":"big-mouth-billie-bag","status":"publish","type":"product","link":"https:\/\/www.gurp.ca\/fr\/produit\/big-mouth-billie-bag\/","title":{"rendered":"Sac Big Mouth Billie"},"content":{"rendered":"<div class=\"flex max-w-full flex-col flex-grow\">\n<div class=\"min-h-8 text-message flex w-full flex-col items-end gap-2 whitespace-normal break-words [.text-message+&amp;]:mt-5\" dir=\"auto\" data-message-author-role=\"assistant\" data-message-id=\"457ed544-7923-41ee-99f6-e70a48034cf1\" data-message-model-slug=\"gpt-4o\">\n<div class=\"flex w-full flex-col gap-1 empty:hidden first:pt-[3px]\">\n<div class=\"markdown prose w-full break-words dark:prose-invert light\">\n<p data-start=\"158\" data-end=\"482\"><strong data-start=\"158\" data-end=\"208\">Plus grand, pr\u00eat pour la photo et fait pour l\u2019aventure.<\/strong> Le sac Big Mouth Billie transporte un appareil photo sans miroir muni d\u2019un objectif de longueur moyenne, tout en gardant vos essentiels de v\u00e9lo \u00e0 port\u00e9e de main. Son \u00e9pais rembourrage, sa structure renforc\u00e9e et ses points d\u2019attache pour bandouli\u00e8re en option prot\u00e8gent votre \u00e9quipement, que le sac soit mont\u00e9 sur votre v\u00e9lo ou port\u00e9 \u00e0 l\u2019\u00e9paule.<\/p>\n<p data-start=\"484\" data-end=\"589\"><strong data-start=\"484\" data-end=\"500\">Parfait pour :<\/strong> Pour les cyclistes qui veulent garder leur appareil photo en s\u00e9curit\u00e9, facile d\u2019acc\u00e8s et pr\u00eat pour chaque sortie, \u00e0 v\u00e9lo ou \u00e0 pied.<\/p>\n<\/div>\n<\/div>\n<\/div>\n<\/div>","protected":false},"excerpt":{"rendered":"<p><strong data-start=\"862\" data-end=\"874\">Caract\u00e9ristiques<\/strong><\/p>\n<ul>\n<li><strong data-start=\"879\" data-end=\"898\">Recycled materials:<\/strong> <a href=\"https:\/\/www.challenge-outdoor.com\/ultra-grid\">UltraGrid\u00a0<\/a>Partie sup\u00e9rieure imperm\u00e9able en ripstop 100 % recycl\u00e9 avec un minimum de coutures<\/li>\n<li><strong data-start=\"971\" data-end=\"987\">Acc\u00e8s facile :<\/strong> Cordon en paracorde souple avec boucle de tirage et bloque-cordon Cyberian pour ouvrir et fermer d\u2019une seule main.<\/li>\n<li><strong data-start=\"1083\" data-end=\"1097\">Rembourrage :<\/strong> Rembourrage double en mousse de 1\/4 po pour la structure et la protection contre les chocs.<\/li>\n<li><strong data-start=\"1163\" data-end=\"1180\">Poche avant : <\/strong><a href=\"https:\/\/www.challenge-outdoor.com\/ultra-stretch\">UltraStretch<\/a> filet avec bordure \u00e9lastique renforc\u00e9e.<\/li>\n<li><strong data-start=\"1235\" data-end=\"1248\">Fixation :<\/strong> Deux sangles Velcro OneWrap de 8 po (incluses).<\/li>\n<li><strong data-start=\"1293\" data-end=\"1304\">Stable :<\/strong> Cordon \u00e9lastique amovible \u00e0 la base pour une meilleure tenue.<\/li>\n<li><strong data-start=\"1353\" data-end=\"1372\">Drainage intelligent :<\/strong> \u0152illet encastr\u00e9 qui \u00e9loigne l\u2019humidit\u00e9 de l\u2019\u00e9quipement photo<\/li>\n<li><strong data-start=\"1431\" data-end=\"1451\">Int\u00e9rieur clair :<\/strong> Am\u00e9liore la visibilit\u00e9 \u00e0 l\u2019int\u00e9rieur du sac.<\/li>\n<li><strong data-start=\"1491\" data-end=\"1509\">Fabriqu\u00e9 au Canada<\/strong><\/li>\n<li style=\"list-style-type: none;\"><\/li>\n<\/ul>\n<p>&nbsp;<\/p>\n<p data-start=\"2057\" data-end=\"2069\"><strong data-start=\"1516\" data-end=\"1525\">Sp\u00e9cifications<\/strong><\/p>\n<ul>\n<li data-start=\"2057\" data-end=\"2069\">Dimensions int\u00e9rieures approximatives : 13 \u00d7 8 \u00d7 15 \u00e0 20 cm (L \u00d7 P \u00d7 H)<\/li>\n<li data-start=\"2057\" data-end=\"2069\">Volume : 2,25 L<\/li>\n<li data-start=\"2057\" data-end=\"2069\">Poids : ~125 g<\/li>\n<li data-start=\"2057\" data-end=\"2069\"><a href=\"https:\/\/www.gurp.ca\/fr\/produit\/shoulder-carry-strap\/\">Sangle d\u2019\u00e9paule<\/a> Vendue s\u00e9par\u00e9ment<\/li>\n<\/ul>","protected":false},"featured_media":18319,"comment_status":"closed","ping_status":"closed","template":"","meta":[],"product_brand":[],"product_cat":[64],"product_tag":[67],"class_list":{"0":"post-18292","1":"product","2":"type-product","3":"status-publish","4":"has-post-thumbnail","6":"product_cat-on-the-bike","7":"product_tag-review","8":"product_shipping_class-medium-items-shipping-class","10":"first","11":"instock","12":"shipping-taxable","13":"purchasable","14":"product-type-variable","15":"has-default-attributes"},"_links":{"self":[{"href":"https:\/\/www.gurp.ca\/fr\/wp-json\/wp\/v2\/product\/18292","targetHints":{"allow":["GET"]}}],"collection":[{"href":"https:\/\/www.gurp.ca\/fr\/wp-json\/wp\/v2\/product"}],"about":[{"href":"https:\/\/www.gurp.ca\/fr\/wp-json\/wp\/v2\/types\/product"}],"replies":[{"embeddable":true,"href":"https:\/\/www.gurp.ca\/fr\/wp-json\/wp\/v2\/comments?post=18292"}],"wp:featuredmedia":[{"embeddable":true,"href":"https:\/\/www.gurp.ca\/fr\/wp-json\/wp\/v2\/media\/18319"}],"wp:attachment":[{"href":"https:\/\/www.gurp.ca\/fr\/wp-json\/wp\/v2\/media?parent=18292"}],"wp:term":[{"taxonomy":"product_brand","embeddable":true,"href":"https:\/\/www.gurp.ca\/fr\/wp-json\/wp\/v2\/product_brand?post=18292"},{"taxonomy":"product_cat","embeddable":true,"href":"https:\/\/www.gurp.ca\/fr\/wp-json\/wp\/v2\/product_cat?post=18292"},{"taxonomy":"product_tag","embeddable":true,"href":"https:\/\/www.gurp.ca\/fr\/wp-json\/wp\/v2\/product_tag?post=18292"}],"curies":[{"name":"wp","href":"https:\/\/api.w.org\/{rel}","templated":true}]}}